{"id":1103,"date":"2018-05-09T08:01:05","date_gmt":"2018-05-09T06:01:05","guid":{"rendered":"https:\/\/legyenjobbaszex.hu\/?page_id=1103"},"modified":"2021-08-20T18:14:44","modified_gmt":"2021-08-20T16:14:44","slug":"forum-regisztracio","status":"publish","type":"page","link":"https:\/\/legyenjobbaszex.hu\/en\/forum-regisztracio\/","title":{"rendered":"F\u00f3rum regisztr\u00e1ci\u00f3"},"content":{"rendered":"<p>The <a href=\"https:\/\/legyenjobbaszex.hu\/en\/adatvedelmi-tajekoztato\/\">Privacy Policy<\/a> itt tekinthet\u0151 meg.<\/p>\n<p style=\"font-size: 1.4em; margin-top: 0px;\">Regisztr\u00e1ci\u00f3 ut\u00e1n ir\u00e1ny a <a style=\"font-size: 1em; margin-top: 0px;\" href=\"https:\/\/legyenjobbaszex.hu\/en\/forums\/\">f\u00f3rum<\/a>!<\/p>\n\n\t<div class='user-registration ur-frontend-form' id='user-registration-form-1290'>\n\t\t\t\t\t\t\t\t<form method='post' class='register' data-form-id=\"1290\"\n\t\t\t\tdata-enable-strength-password=\"1\" data-minimum-password-strength=\"3\"\n\t\t\t\t\t\t\t\t\t\t\t\t\t\t\t data-captcha-enabled=\"\" action=\"\">\n\n\t\t\t\t<div class=\"ur-form-row\" data-row-id=\"0\">\t\t\t\t\t\t\t<div class=\"ur-form-grid ur-grid-1\"\n\t\t\t\t\t\t\t\tstyle=\"width:48%\">\n\t\t\t\t\t\t\t\t\t\t\t\t\t\t\t\t<div  data-field-id=\"user_login\" class=\"ur-field-item field-user_login\" data-ref-id=\"user_login\" data-field-pattern-enabled=\"0\" data-field-pattern-value=\" \" data-field-pattern-message=\" \">\n\t\t\t\t\t\t\t\t\t\t<div class=\"form-row validate-required\" id=\"user_login_field\" data-priority=\"\" ><label for=\"user_login\" class=\"ur-label\">Felhaszn\u00e1l\u00f3n\u00e9v <abbr class=\"required\" title=\"required\">*<\/abbr><\/label> <span class=\"input-wrapper\"> <input  data-rules=\"\" data-id=\"user_login\" type=\"text\" class=\"input-text   input-text ur-frontend-field\" name=\"user_login\" id=\"user_login\" placeholder=\"\"  value=\"\" required=\"required\" data-label=\"Felhaszn\u00e1l\u00f3n\u00e9v\" data-username-character=\"1\"\/> <\/span> <\/div>\t\t\t\t\t\t\t\t\t<\/div>\n\t\t\t\t\t\t\t\t\t\t\t\t\t\t\t\t\t\t<div  data-field-id=\"user_email\" class=\"ur-field-item field-user_email\" data-ref-id=\"user_email\" data-field-pattern-enabled=\"0\" data-field-pattern-value=\" \" data-field-pattern-message=\" \">\n\t\t\t\t\t\t\t\t\t\t<div class=\"form-row validate-required\" id=\"user_email_field\" data-priority=\"\" ><label for=\"user_email\" class=\"ur-label\">E-mail <abbr class=\"required\" title=\"required\">*<\/abbr><\/label> <span class=\"input-wrapper\"> <input  data-rules=\"\" data-id=\"user_email\" type=\"email\" class=\"input-text   input-email ur-frontend-field\" name=\"user_email\" id=\"user_email\" placeholder=\"\"  value=\"\" required=\"required\" data-label=\"E-mail c\u00edm\" \/> <\/span> <\/div>\t\t\t\t\t\t\t\t\t<\/div>\n\t\t\t\t\t\t\t\t\t\t\t\t\t\t\t\t\t\t<div  data-field-id=\"user_pass\" class=\"ur-field-item field-user_pass\" data-ref-id=\"user_pass\" data-field-pattern-enabled=\"0\" data-field-pattern-value=\" \" data-field-pattern-message=\" \">\n\t\t\t\t\t\t\t\t\t\t<div class=\"form-row validate-required hide_show_password\" id=\"user_pass_field\" data-priority=\"\"><label for=\"user_pass\" class=\"ur-label\">Jelsz\u00f3 <abbr class=\"required\" title=\"required\">*<\/abbr><\/label> <span class=\"input-wrapper\"> <span class=\"password-input-group input-form-field-icons\"><input data-rules=\"\" data-id=\"user_pass\" type=\"password\" class=\"input-text  input-password ur-frontend-field\" name=\"user_pass\" id=\"user_pass\" placeholder=\"\"  value=\"\" required=\"required\" data-label=\"Jelsz\u00f3\" \/><\/span> <\/span> <\/div>\t\t\t\t\t\t\t\t\t<\/div>\n\t\t\t\t\t\t\t\t\t\t\t\t\t\t\t\t\t\t<div  data-field-id=\"user_confirm_password\" class=\"ur-field-item field-user_confirm_password\" data-ref-id=\"user_confirm_password\" data-field-pattern-enabled=\"0\" data-field-pattern-value=\" \" data-field-pattern-message=\" \">\n\t\t\t\t\t\t\t\t\t\t<div class=\"form-row validate-required hide_show_password\" id=\"user_confirm_password_field\" data-priority=\"\"><label for=\"user_confirm_password\" class=\"ur-label\">Jelsz\u00f3 \u00fajra <abbr class=\"required\" title=\"required\">*<\/abbr><\/label> <span class=\"input-wrapper\"> <span class=\"password-input-group input-form-field-icons\"><input data-rules=\"\" data-id=\"user_confirm_password\" type=\"password\" class=\"input-text  input-password ur-frontend-field\" name=\"user_confirm_password\" id=\"user_confirm_password\" placeholder=\"\"  value=\"\" required=\"required\" data-label=\"Jelsz\u00f3 \u00fajra\" \/><\/span> <\/span> <\/div>\t\t\t\t\t\t\t\t\t<\/div>\n\t\t\t\t\t\t\t\t\t\t\t\t\t\t\t\t\t\t<div  data-field-id=\"check_box_1527516364\" class=\"ur-field-item field-checkbox\" data-ref-id=\"check_box_1527516364\" data-field-pattern-enabled=\"0\" data-field-pattern-value=\" \" data-field-pattern-message=\" \">\n\t\t\t\t\t\t\t\t\t\t<div class=\"form-row validate-required\" id=\"check_box_1527516364_field\" data-priority=\"\" ><label class=\"ur-label\" required=\"required\" data-label=\"Adatv\u00e9delmi nyilatkozat\">Adatv\u00e9delmi nyilatkozat <abbr class=\"required\" title=\"required\">*<\/abbr><\/label><ul ><li class=\"ur-checkbox-list\"><input data-rules=\"\" data-id=\"check_box_1527516364[]\" required=\"required\" data-label=\"Adatv\u00e9delmi nyilatkozat\" data-value=\"Az adatv\u00e9delmi nyilatkozatotelolvastam \u00e9s elfogadom\" type=\"checkbox\" class=\"input-checkbox ur-frontend-field\" name=\"check_box_1527516364[]\" id=\"check_box_1527516364_Az adatv\u00e9delmi nyilatkozatotelolvastam \u00e9s elfogadom\" value=\"Az adatv\u00e9delmi nyilatkozatotelolvastam \u00e9s elfogadom\" \/><label class=\"ur-checkbox-label\" for=\"check_box_1527516364_Az adatv\u00e9delmi nyilatkozatotelolvastam \u00e9s elfogadom\">Az adatv\u00e9delmi nyilatkozatotelolvastam \u00e9s elfogadom<\/label> <\/li><\/ul><\/div>\t\t\t\t\t\t\t\t\t<\/div>\n\t\t\t\t\t\t\t\t\t\t\t\t\t\t\t\t\t\t<div  data-field-id=\"check_box_1697191052457\" class=\"ur-field-item field-checkbox\" data-ref-id=\"check_box_1697191052457\" data-field-pattern-enabled=\"0\" data-field-pattern-value=\" \" data-field-pattern-message=\" \">\n\t\t\t\t\t\t\t\t\t\t<div class=\"form-row\" id=\"check_box_1697191052457_field\" data-priority=\"\" ><label class=\"ur-label\" data-label=\"\u00c9rz\u00e9keny adatok kezel\u00e9se nyilatkozat\">\u00c9rz\u00e9keny adatok kezel\u00e9se nyilatkozat<\/label><ul ><li class=\"ur-checkbox-list\"><input data-rules=\"\" data-id=\"check_box_1697191052457[]\" data-label=\"\u00c9rz\u00e9keny adatok kezel\u00e9se nyilatkozat\" data-value=\"Hozz\u00e1j\u00e1rulok ahhoz, hogy Somorjai Martina a jelen k\u00e9rd\u0151\u00edven megadott szexu\u00e1lisan \u00e9rz\u00e9keny k\u00fcl\u00f6nleges adataimat kezelje.\" type=\"checkbox\" class=\"input-checkbox ur-frontend-field\" name=\"check_box_1697191052457[]\" id=\"check_box_1697191052457_Hozz\u00e1j\u00e1rulok ahhoz, hogy Somorjai Martina a jelen k\u00e9rd\u0151\u00edven megadott szexu\u00e1lisan \u00e9rz\u00e9keny k\u00fcl\u00f6nleges adataimat kezelje.\" value=\"Hozz\u00e1j\u00e1rulok ahhoz, hogy Somorjai Martina a jelen k\u00e9rd\u0151\u00edven megadott szexu\u00e1lisan \u00e9rz\u00e9keny k\u00fcl\u00f6nleges adataimat kezelje.\" \/><label class=\"ur-checkbox-label\" for=\"check_box_1697191052457_Hozz\u00e1j\u00e1rulok ahhoz, hogy Somorjai Martina a jelen k\u00e9rd\u0151\u00edven megadott szexu\u00e1lisan \u00e9rz\u00e9keny k\u00fcl\u00f6nleges adataimat kezelje.\">Hozz\u00e1j\u00e1rulok ahhoz, hogy Somorjai Martina a jelen k\u00e9rd\u0151\u00edven megadott szexu\u00e1lisan \u00e9rz\u00e9keny k\u00fcl\u00f6nleges adataimat kezelje.<\/label> <\/li><\/ul><\/div>\t\t\t\t\t\t\t\t\t<\/div>\n\t\t\t\t\t\t\t\t\t\t\t\t\t\t\t\t\t\t<div  data-field-id=\"check_box_1697191055748\" class=\"ur-field-item field-checkbox\" data-ref-id=\"check_box_1697191055748\" data-field-pattern-enabled=\"0\" data-field-pattern-value=\" \" data-field-pattern-message=\" \">\n\t\t\t\t\t\t\t\t\t\t<div class=\"form-row\" id=\"check_box_1697191055748_field\" data-priority=\"\" ><label class=\"ur-label\" data-label=\"Marketing nyilatkozat\">Marketing statement<\/label><ul ><li class=\"ur-checkbox-list\"><input data-rules=\"\" data-id=\"check_box_1697191055748[]\" data-label=\"Marketing nyilatkozat\" data-value=\"Hozz\u00e1j\u00e1rulok, hogy a fent megadott e-mail-c\u00edmemre h\u00edrleveleket \u00e9s eDM leveleket k\u00fcldj\u00f6n nekem.\" type=\"checkbox\" class=\"input-checkbox ur-frontend-field\" name=\"check_box_1697191055748[]\" id=\"check_box_1697191055748_Hozz\u00e1j\u00e1rulok, hogy a fent megadott e-mail-c\u00edmemre h\u00edrleveleket \u00e9s eDM leveleket k\u00fcldj\u00f6n nekem.\" value=\"Hozz\u00e1j\u00e1rulok, hogy a fent megadott e-mail-c\u00edmemre h\u00edrleveleket \u00e9s eDM leveleket k\u00fcldj\u00f6n nekem.\" \/><label class=\"ur-checkbox-label\" for=\"check_box_1697191055748_Hozz\u00e1j\u00e1rulok, hogy a fent megadott e-mail-c\u00edmemre h\u00edrleveleket \u00e9s eDM leveleket k\u00fcldj\u00f6n nekem.\">Hozz\u00e1j\u00e1rulok, hogy a fent megadott e-mail-c\u00edmemre h\u00edrleveleket \u00e9s eDM leveleket k\u00fcldj\u00f6n nekem.<\/label> <\/li><\/ul><\/div>\t\t\t\t\t\t\t\t\t<\/div>\n\t\t\t\t\t\t\t\t\t\t\t\t\t\t\t\t<\/div>\n\t\t\t\t\t\t\t\t\t\t\t\t\t\t<div class=\"ur-form-grid ur-grid-2\"\n\t\t\t\t\t\t\t\tstyle=\"width:48%\">\n\t\t\t\t\t\t\t\t\t\t\t\t\t\t<\/div>\n\t\t\t\t\t\t\t\t\t\t\t\t\t<\/div>\n\t\t\t\t\t\t\t\t\t\t\t\t\t\t\t\t\t\t<div class=\"ur-button-container\" >\n\t\t\t\t\t\t\t\t\t\t\t\t\t\t<button type=\"submit\" class=\"btn button ur-submit-button\"  conditional_rules=\"&quot;&quot;\">\n\t\t\t\t\t\t\t\t<span><\/span>\n\t\t\t\t\t\t\t\tElk\u00fcld\u00f6m\t\t\t\t\t\t\t<\/button>\n\t\t\t\t\t\t\t\t\t\t\t\t\t\t\t\t\t\t\t\t<\/div>\n\t\t\t\t\t\t\n\t\t\t\t<div style=\"clear:both\"><\/div>\n\t\t\t\t\t\t\t\t<input type=\"hidden\" name=\"ur-registration-language\" value=\"en-US\"\/>\n\t\t\t\t<input type=\"hidden\" name=\"ur-user-form-id\" value=\"1290\"\/>\n\t\t\t\t<input type=\"hidden\" name=\"ur-redirect-url\" value=\"https:\/\/legyenjobbaszex.hu\/sikeres-forum-regisztracio\/\"\/>\n\t\t\t\t<input type=\"hidden\" id=\"ur_frontend_form_nonce\" name=\"ur_frontend_form_nonce\" value=\"0ea7aed65a\" \/>\n\t\t\t\t\n\t\t\t<input type=\"hidden\" name=\"trp-form-language\" value=\"en\"\/><\/form>\n\t\t\t\n\t\t<div style=\"clear:both\"><\/div>\n\t<\/div>","protected":false},"excerpt":{"rendered":"<p>Az Adatv\u00e9delmi t\u00e1j\u00e9koztat\u00f3 itt tekinthet\u0151 meg. Regisztr\u00e1ci\u00f3 ut\u00e1n ir\u00e1ny a f\u00f3rum!<\/p>","protected":false},"author":8,"featured_media":0,"parent":0,"menu_order":0,"comment_status":"closed","ping_status":"closed","template":"","meta":{"_bbp_topic_count":0,"_bbp_reply_count":0,"_bbp_total_topic_count":0,"_bbp_total_reply_count":0,"_bbp_voice_count":0,"_bbp_anonymous_reply_count":0,"_bbp_topic_count_hidden":0,"_bbp_reply_count_hidden":0,"_bbp_forum_subforum_count":0,"_uf_show_specific_survey":0,"_uf_disable_surveys":false,"site-sidebar-layout":"default","site-content-layout":"default","ast-site-content-layout":"default","site-content-style":"default","site-sidebar-style":"default","ast-global-header-display":"","ast-banner-title-visibility":"","ast-main-header-display":"","ast-hfb-above-header-display":"","ast-hfb-below-header-display":"","ast-hfb-mobile-header-display":"","site-post-title":"","ast-breadcrumbs-content":"","ast-featured-img":"","footer-sml-layout":"","ast-disable-related-posts":"","theme-transparent-header-meta":"default","adv-header-id-meta":"","stick-header-meta":"","header-above-stick-meta":"","header-main-stick-meta":"","header-below-stick-meta":"","astra-migrate-meta-layouts":"default","ast-page-background-enabled":"default","ast-page-background-meta":{"desktop":{"background-color":"","background-image":"","background-repeat":"repeat","background-position":"center center","background-size":"auto","background-attachment":"scroll","background-type":"","background-media":"","overlay-type":"","overlay-color":"","overlay-opacity":"","overlay-gradient":""},"tablet":{"background-color":"","background-image":"","background-repeat":"repeat","background-position":"center center","background-size":"auto","background-attachment":"scroll","background-type":"","background-media":"","overlay-type":"","overlay-color":"","overlay-opacity":"","overlay-gradient":""},"mobile":{"background-color":"","background-image":"","background-repeat":"repeat","background-position":"center center","background-size":"auto","background-attachment":"scroll","background-type":"","background-media":"","overlay-type":"","overlay-color":"","overlay-opacity":"","overlay-gradient":""}},"ast-content-background-meta":{"desktop":{"background-color":"var(--ast-global-color-5)","background-image":"","background-repeat":"repeat","background-position":"center center","background-size":"auto","background-attachment":"scroll","background-type":"","background-media":"","overlay-type":"","overlay-color":"","overlay-opacity":"","overlay-gradient":""},"tablet":{"background-color":"var(--ast-global-color-5)","background-image":"","background-repeat":"repeat","background-position":"center center","background-size":"auto","background-attachment":"scroll","background-type":"","background-media":"","overlay-type":"","overlay-color":"","overlay-opacity":"","overlay-gradient":""},"mobile":{"background-color":"var(--ast-global-color-5)","background-image":"","background-repeat":"repeat","background-position":"center center","background-size":"auto","background-attachment":"scroll","background-type":"","background-media":"","overlay-type":"","overlay-color":"","overlay-opacity":"","overlay-gradient":""}},"footnotes":""},"class_list":["post-1103","page","type-page","status-publish","hentry"],"yoast_head":"<!-- This site is optimized with the Yoast SEO plugin v27.5 - https:\/\/yoast.com\/product\/yoast-seo-wordpress\/ -->\n<title>F\u00f3rum regisztr\u00e1ci\u00f3 - Legyen jobb a szex!<\/title>\n<meta name=\"robots\" content=\"index, follow, max-snippet:-1, max-image-preview:large, max-video-preview:-1\" \/>\n<link rel=\"canonical\" href=\"https:\/\/legyenjobbaszex.hu\/en\/forum-regisztracio\/\" \/>\n<meta property=\"og:locale\" content=\"en_US\" \/>\n<meta property=\"og:type\" content=\"article\" \/>\n<meta property=\"og:title\" content=\"F\u00f3rum regisztr\u00e1ci\u00f3 - Legyen jobb a szex!\" \/>\n<meta property=\"og:description\" content=\"Az Adatv\u00e9delmi t\u00e1j\u00e9koztat\u00f3 itt tekinthet\u0151 meg. Regisztr\u00e1ci\u00f3 ut\u00e1n ir\u00e1ny a f\u00f3rum!\" \/>\n<meta property=\"og:url\" content=\"https:\/\/legyenjobbaszex.hu\/en\/forum-regisztracio\/\" \/>\n<meta property=\"og:site_name\" content=\"Legyen jobb a szex!\" \/>\n<meta property=\"article:modified_time\" content=\"2021-08-20T16:14:44+00:00\" \/>\n<meta property=\"og:image\" content=\"https:\/\/legyenjobbaszex.hu\/wp-content\/uploads\/2017\/02\/szexi2.jpg\" \/>\n\t<meta property=\"og:image:width\" content=\"960\" \/>\n\t<meta property=\"og:image:height\" content=\"640\" \/>\n\t<meta property=\"og:image:type\" content=\"image\/jpeg\" \/>\n<meta name=\"twitter:card\" content=\"summary_large_image\" \/>\n<meta name=\"twitter:label1\" content=\"Est. reading time\" \/>\n\t<meta name=\"twitter:data1\" content=\"1 minute\" \/>\n<script type=\"application\/ld+json\" class=\"yoast-schema-graph\">{\"@context\":\"https:\\\/\\\/schema.org\",\"@graph\":[{\"@type\":\"WebPage\",\"@id\":\"https:\\\/\\\/legyenjobbaszex.hu\\\/forum-regisztracio\\\/\",\"url\":\"https:\\\/\\\/legyenjobbaszex.hu\\\/forum-regisztracio\\\/\",\"name\":\"F\u00f3rum regisztr\u00e1ci\u00f3 - Legyen jobb a szex!\",\"isPartOf\":{\"@id\":\"https:\\\/\\\/legyenjobbaszex.hu\\\/#website\"},\"datePublished\":\"2018-05-09T06:01:05+00:00\",\"dateModified\":\"2021-08-20T16:14:44+00:00\",\"breadcrumb\":{\"@id\":\"https:\\\/\\\/legyenjobbaszex.hu\\\/forum-regisztracio\\\/#breadcrumb\"},\"inLanguage\":\"en-US\",\"potentialAction\":[{\"@type\":\"ReadAction\",\"target\":[\"https:\\\/\\\/legyenjobbaszex.hu\\\/forum-regisztracio\\\/\"]}]},{\"@type\":\"BreadcrumbList\",\"@id\":\"https:\\\/\\\/legyenjobbaszex.hu\\\/forum-regisztracio\\\/#breadcrumb\",\"itemListElement\":[{\"@type\":\"ListItem\",\"position\":1,\"name\":\"Kezd\u0151lap\",\"item\":\"https:\\\/\\\/legyenjobbaszex.hu\\\/\"},{\"@type\":\"ListItem\",\"position\":2,\"name\":\"F\u00f3rum regisztr\u00e1ci\u00f3\"}]},{\"@type\":\"WebSite\",\"@id\":\"https:\\\/\\\/legyenjobbaszex.hu\\\/#website\",\"url\":\"https:\\\/\\\/legyenjobbaszex.hu\\\/\",\"name\":\"legyenjobbaszex.hu\",\"description\":\"Szexualterapeuta \u2022 Tel: +36 (30) 813-0414 \u2022 Skype\",\"publisher\":{\"@id\":\"https:\\\/\\\/legyenjobbaszex.hu\\\/#\\\/schema\\\/person\\\/cb39c99a024789c38c5baac196aa95c6\"},\"potentialAction\":[{\"@type\":\"SearchAction\",\"target\":{\"@type\":\"EntryPoint\",\"urlTemplate\":\"https:\\\/\\\/legyenjobbaszex.hu\\\/?s={search_term_string}\"},\"query-input\":{\"@type\":\"PropertyValueSpecification\",\"valueRequired\":true,\"valueName\":\"search_term_string\"}}],\"inLanguage\":\"en-US\"},{\"@type\":[\"Person\",\"Organization\"],\"@id\":\"https:\\\/\\\/legyenjobbaszex.hu\\\/#\\\/schema\\\/person\\\/cb39c99a024789c38c5baac196aa95c6\",\"name\":\"Szexol\u00f3gus\",\"image\":{\"@type\":\"ImageObject\",\"inLanguage\":\"en-US\",\"@id\":\"https:\\\/\\\/legyenjobbaszex.hu\\\/wp-content\\\/uploads\\\/2022\\\/10\\\/pop.jpg\",\"url\":\"https:\\\/\\\/legyenjobbaszex.hu\\\/wp-content\\\/uploads\\\/2022\\\/10\\\/pop.jpg\",\"contentUrl\":\"https:\\\/\\\/legyenjobbaszex.hu\\\/wp-content\\\/uploads\\\/2022\\\/10\\\/pop.jpg\",\"width\":1600,\"height\":1066,\"caption\":\"Szexol\u00f3gus\"},\"logo\":{\"@id\":\"https:\\\/\\\/legyenjobbaszex.hu\\\/wp-content\\\/uploads\\\/2022\\\/10\\\/pop.jpg\"}}]}<\/script>\n<!-- \/ Yoast SEO plugin. -->","yoast_head_json":{"title":"F\u00f3rum regisztr\u00e1ci\u00f3 - Legyen jobb a szex!","robots":{"index":"index","follow":"follow","max-snippet":"max-snippet:-1","max-image-preview":"max-image-preview:large","max-video-preview":"max-video-preview:-1"},"canonical":"https:\/\/legyenjobbaszex.hu\/en\/forum-regisztracio\/","og_locale":"en_US","og_type":"article","og_title":"F\u00f3rum regisztr\u00e1ci\u00f3 - Legyen jobb a szex!","og_description":"Az Adatv\u00e9delmi t\u00e1j\u00e9koztat\u00f3 itt tekinthet\u0151 meg. Regisztr\u00e1ci\u00f3 ut\u00e1n ir\u00e1ny a f\u00f3rum!","og_url":"https:\/\/legyenjobbaszex.hu\/en\/forum-regisztracio\/","og_site_name":"Legyen jobb a szex!","article_modified_time":"2021-08-20T16:14:44+00:00","og_image":[{"width":960,"height":640,"url":"https:\/\/legyenjobbaszex.hu\/wp-content\/uploads\/2017\/02\/szexi2.jpg","type":"image\/jpeg"}],"twitter_card":"summary_large_image","twitter_misc":{"Est. reading time":"1 minute"},"schema":{"@context":"https:\/\/schema.org","@graph":[{"@type":"WebPage","@id":"https:\/\/legyenjobbaszex.hu\/forum-regisztracio\/","url":"https:\/\/legyenjobbaszex.hu\/forum-regisztracio\/","name":"F\u00f3rum regisztr\u00e1ci\u00f3 - Legyen jobb a szex!","isPartOf":{"@id":"https:\/\/legyenjobbaszex.hu\/#website"},"datePublished":"2018-05-09T06:01:05+00:00","dateModified":"2021-08-20T16:14:44+00:00","breadcrumb":{"@id":"https:\/\/legyenjobbaszex.hu\/forum-regisztracio\/#breadcrumb"},"inLanguage":"en-US","potentialAction":[{"@type":"ReadAction","target":["https:\/\/legyenjobbaszex.hu\/forum-regisztracio\/"]}]},{"@type":"BreadcrumbList","@id":"https:\/\/legyenjobbaszex.hu\/forum-regisztracio\/#breadcrumb","itemListElement":[{"@type":"ListItem","position":1,"name":"Kezd\u0151lap","item":"https:\/\/legyenjobbaszex.hu\/"},{"@type":"ListItem","position":2,"name":"F\u00f3rum regisztr\u00e1ci\u00f3"}]},{"@type":"WebSite","@id":"https:\/\/legyenjobbaszex.hu\/#website","url":"https:\/\/legyenjobbaszex.hu\/","name":"legyenjobbaszex.hu","description":"Szexualterapeuta \u2022 Tel: +36 (30) 813-0414 \u2022 Skype","publisher":{"@id":"https:\/\/legyenjobbaszex.hu\/#\/schema\/person\/cb39c99a024789c38c5baac196aa95c6"},"potentialAction":[{"@type":"SearchAction","target":{"@type":"EntryPoint","urlTemplate":"https:\/\/legyenjobbaszex.hu\/?s={search_term_string}"},"query-input":{"@type":"PropertyValueSpecification","valueRequired":true,"valueName":"search_term_string"}}],"inLanguage":"en-US"},{"@type":["Person","Organization"],"@id":"https:\/\/legyenjobbaszex.hu\/#\/schema\/person\/cb39c99a024789c38c5baac196aa95c6","name":"Sexologist","image":{"@type":"ImageObject","inLanguage":"en-US","@id":"https:\/\/legyenjobbaszex.hu\/wp-content\/uploads\/2022\/10\/pop.jpg","url":"https:\/\/legyenjobbaszex.hu\/wp-content\/uploads\/2022\/10\/pop.jpg","contentUrl":"https:\/\/legyenjobbaszex.hu\/wp-content\/uploads\/2022\/10\/pop.jpg","width":1600,"height":1066,"caption":"Szexol\u00f3gus"},"logo":{"@id":"https:\/\/legyenjobbaszex.hu\/wp-content\/uploads\/2022\/10\/pop.jpg"}}]}},"_links":{"self":[{"href":"https:\/\/legyenjobbaszex.hu\/en\/wp-json\/wp\/v2\/pages\/1103","targetHints":{"allow":["GET"]}}],"collection":[{"href":"https:\/\/legyenjobbaszex.hu\/en\/wp-json\/wp\/v2\/pages"}],"about":[{"href":"https:\/\/legyenjobbaszex.hu\/en\/wp-json\/wp\/v2\/types\/page"}],"author":[{"embeddable":true,"href":"https:\/\/legyenjobbaszex.hu\/en\/wp-json\/wp\/v2\/users\/8"}],"replies":[{"embeddable":true,"href":"https:\/\/legyenjobbaszex.hu\/en\/wp-json\/wp\/v2\/comments?post=1103"}],"version-history":[{"count":0,"href":"https:\/\/legyenjobbaszex.hu\/en\/wp-json\/wp\/v2\/pages\/1103\/revisions"}],"wp:attachment":[{"href":"https:\/\/legyenjobbaszex.hu\/en\/wp-json\/wp\/v2\/media?parent=1103"}],"curies":[{"name":"wp","href":"https:\/\/api.w.org\/{rel}","templated":true}]}}