{"id":22666,"date":"2021-11-17T22:14:51","date_gmt":"2021-11-17T20:14:51","guid":{"rendered":"https:\/\/legyenjobbaszex.hu\/member-login\/password-reset\/"},"modified":"2021-11-18T10:25:52","modified_gmt":"2021-11-18T08:25:52","slug":"password-reset","status":"publish","type":"page","link":"https:\/\/legyenjobbaszex.hu\/en\/member-login\/password-reset\/","title":{"rendered":"Jelsz\u00f3 eml\u00e9keztet\u0151"},"content":{"rendered":"<script type=\"text\/javascript\">\n        \/* <![CDATA[ *\/\n        jQuery(document).ready(function ($) {\n            window['emember_form_builder_checkbox'] = function  (field, rules, i, options){\nvar id = field.attr('id').split('-');\nid.pop();\nid = id.join('-');\nvar count = 0;\njQuery(\".\" + id).each(function(){\nvar checked = jQuery(this).prop('checked');\nif(checked) count++;\n});\nif(count<1) return 'Ez a mez\u0151 sz\u00fcks\u00e9ges ';\n}\n$.validationEngineLanguage = {\nnewLang: function(){\n$.validationEngineLanguage.allRules = {\n\"required\": { \/\/ Add your regex rules here, you can take telephone as an example\n\"regex\": \"none\",\n\"alertText\": \"* \" + 'Ez a mez\u0151 sz\u00fcks\u00e9ges ',\n\"alertTextCheckboxe\": \"* \" + 'Ez a mez\u0151 sz\u00fcks\u00e9ges '\n},\n\"minSize\": {\n\"regex\": \"none\",\n\"alertText\": \"* \" +'Minimum ',\n\"alertText2\": \" \"+'karakter sz\u00fcks\u00e9ges '\n},\n\"equals\": {\n\"regex\": \"none\",\n\"alertText\": \"* \"+'A mez\u0151k nem egyeznek meg. '\n},\n\"phone\": {\n\/\/ credit: jquery.h5validate.js \/ orefalo\n\"regex\": \/^([\\+][0-9]{1,3}[ \\.\\-])?([\\(]{1}[0-9]{2,6}[\\)])?([0-9 \\.\\-\\\/]{3,20})((x|ext|extension)[ ]?[0-9]{1,4})?$\/,\n\"alertText\": \"* Invalid phone number\"\n},\n\"email\": {\n\/\/The old regex wasn't working for address like test@test.careers\n\"regex\": \/^(([^<>()[\\]\\\\.,;:\\s@\\\"]+(\\.[^<>()[\\]\\\\.,;:\\s@\\\"]+)*)|(\\\".+\\\"))@((\\[[0-9]{1,3}\\.[0-9]{1,3}\\.[0-9]{1,3}\\.[0-9]{1,3}\\])|(([a-zA-Z\\-0-9]+\\.)+[a-zA-Z]{2,}))$\/,\n\"alertText\": \"* \" + 'az emailc\u00edm nem \u00e9rv\u00e9nyes'\n},\n\"onlyLetterNumberUnderscore\": {\n\"regex\": \/^[0-9a-zA-Z_]+$\/,\n\"alertText\": \"* \"+'Csak bet\u0171, sz\u00e1m \u00e9s als\u00f3 von\u00e1s lehets\u00e9ges'\n},\n\"noapostrophe\": {\n\"regex\": \/^[^\\']+$\/,\n\"alertText\": \"* \" + 'Aposztrof karakter nem enged\u00e9lyezett itt.'\n},\n\"ememberUserName\": {\n\"regex\": \/^[a-zA-Z0-9@_\\.-]+$\/,\n\"alertText\": \"* \"+'Bet\u0171, sz\u00e1m, als\u00f3 von\u00e1s vagy email enged\u00e9lyezett'\n},\n\"ajaxUserCall\": {\n\"url\": \"ajaxurl\",\n\/\/ you may want to pass extra data on the ajax call\n\"extraData\": \"&event=check_name&action=check_name\",\n\"alertText\": \"* \"+'Ez a felhaszn\u00e1l\u00f3n\u00e9v m\u00e1r foglalt',\n\"alertTextOk\": \"* \"+'Ez a n\u00e9v nem \u00e9rhet\u0151 el',\n\"alertTextLoad\": \"* \"+'Ellen\u0151rizz\u00fck, k\u00e9rlek v\u00e1rj'\n}\n};\n}\n};\n$.validationEngineLanguage.newLang();\n            $(\"#wp_emember_mailSendForm\").validationEngine('attach');\n        });\n        \/*]]>*\/\n    <\/script>\n    <link rel='stylesheet' href='https:\/\/legyenjobbaszex.hu\/wp-content\/plugins\/wp-eMember\/css\/pure-min.css?ver=10.9.8' type='text\/css' media='all' \/>\n    <div id=\"wp_emember_email_mailForm\">\n        Add meg az email c\u00edmedet \u00e9s k\u00fcldj\u00fck az \u00faj jelszavadat.        <form action=\"\" name=\"wp_emember_mailSendForm\" id=\"wp_emember_mailSendForm1\" class=\"emember_password_reset_form pure-form pure-form-stacked\" method=\"post\">\n            <fieldset>\n                <input class=\"validate[required,custom[email]] pure-input-1\" title=\"Emailed\" placeholder=\"Emailed\" type=\"email\" id=\"wp_emember_reset_password_email\" name=\"wp_emember_reset_password_email\" value=\"\" required>\n            <\/fieldset>\n                        <fieldset class=\"pure-controls emember-centered\">\n                <button type=\"submit\" class=\"pure-button pure-button-primary emember-pw-reset-submit-button\">Meg\u00faj\u00edt\u00e1s<\/button>\n                <input name=\"wp_emember_email_password_doSend\" type=\"hidden\" id=\"wp_emember_email_password_doSend\" value=\"Meg\u00faj\u00edt\u00e1s\" \/>\n                <input type=\"hidden\" id=\"emember_reset_password_nonce\" name=\"emember_reset_password_nonce\" value=\"f300951cb3\" \/><input type=\"hidden\" name=\"_wp_http_referer\" value=\"\/en\/wp-json\/wp\/v2\/pages\/22666\" \/>            <\/fieldset>\n        <\/form>\n    <\/div>","protected":false},"excerpt":{"rendered":"","protected":false},"author":1,"featured_media":0,"parent":22662,"menu_order":0,"comment_status":"closed","ping_status":"closed","template":"","meta":{"_bbp_topic_count":0,"_bbp_reply_count":0,"_bbp_total_topic_count":0,"_bbp_total_reply_count":0,"_bbp_voice_count":0,"_bbp_anonymous_reply_count":0,"_bbp_topic_count_hidden":0,"_bbp_reply_count_hidden":0,"_bbp_forum_subforum_count":0,"_uf_show_specific_survey":0,"_uf_disable_surveys":false,"site-sidebar-layout":"default","site-content-layout":"","ast-site-content-layout":"default","site-content-style":"default","site-sidebar-style":"default","ast-global-header-display":"","ast-banner-title-visibility":"","ast-main-header-display":"","ast-hfb-above-header-display":"","ast-hfb-below-header-display":"","ast-hfb-mobile-header-display":"","site-post-title":"","ast-breadcrumbs-content":"","ast-featured-img":"","footer-sml-layout":"","ast-disable-related-posts":"","theme-transparent-header-meta":"","adv-header-id-meta":"","stick-header-meta":"","header-above-stick-meta":"","header-main-stick-meta":"","header-below-stick-meta":"","astra-migrate-meta-layouts":"default","ast-page-background-enabled":"default","ast-page-background-meta":{"desktop":{"background-color":"","background-image":"","background-repeat":"repeat","background-position":"center center","background-size":"auto","background-attachment":"scroll","background-type":"","background-media":"","overlay-type":"","overlay-color":"","overlay-opacity":"","overlay-gradient":""},"tablet":{"background-color":"","background-image":"","background-repeat":"repeat","background-position":"center center","background-size":"auto","background-attachment":"scroll","background-type":"","background-media":"","overlay-type":"","overlay-color":"","overlay-opacity":"","overlay-gradient":""},"mobile":{"background-color":"","background-image":"","background-repeat":"repeat","background-position":"center center","background-size":"auto","background-attachment":"scroll","background-type":"","background-media":"","overlay-type":"","overlay-color":"","overlay-opacity":"","overlay-gradient":""}},"ast-content-background-meta":{"desktop":{"background-color":"var(--ast-global-color-5)","background-image":"","background-repeat":"repeat","background-position":"center center","background-size":"auto","background-attachment":"scroll","background-type":"","background-media":"","overlay-type":"","overlay-color":"","overlay-opacity":"","overlay-gradient":""},"tablet":{"background-color":"var(--ast-global-color-5)","background-image":"","background-repeat":"repeat","background-position":"center center","background-size":"auto","background-attachment":"scroll","background-type":"","background-media":"","overlay-type":"","overlay-color":"","overlay-opacity":"","overlay-gradient":""},"mobile":{"background-color":"var(--ast-global-color-5)","background-image":"","background-repeat":"repeat","background-position":"center center","background-size":"auto","background-attachment":"scroll","background-type":"","background-media":"","overlay-type":"","overlay-color":"","overlay-opacity":"","overlay-gradient":""}},"footnotes":""},"class_list":["post-22666","page","type-page","status-publish","hentry"],"yoast_head":"<!-- This site is optimized with the Yoast SEO plugin v27.5 - https:\/\/yoast.com\/product\/yoast-seo-wordpress\/ -->\n<title>Jelsz\u00f3 eml\u00e9keztet\u0151 - Legyen jobb a szex!<\/title>\n<meta name=\"robots\" content=\"index, follow, max-snippet:-1, max-image-preview:large, max-video-preview:-1\" \/>\n<link rel=\"canonical\" href=\"https:\/\/legyenjobbaszex.hu\/en\/member-login\/password-reset\/\" \/>\n<meta property=\"og:locale\" content=\"en_US\" \/>\n<meta property=\"og:type\" content=\"article\" \/>\n<meta property=\"og:title\" content=\"Jelsz\u00f3 eml\u00e9keztet\u0151 - Legyen jobb a szex!\" \/>\n<meta property=\"og:url\" content=\"https:\/\/legyenjobbaszex.hu\/en\/member-login\/password-reset\/\" \/>\n<meta property=\"og:site_name\" content=\"Legyen jobb a szex!\" \/>\n<meta property=\"article:modified_time\" content=\"2021-11-18T08:25:52+00:00\" \/>\n<meta property=\"og:image\" content=\"https:\/\/legyenjobbaszex.hu\/wp-content\/uploads\/2017\/02\/szexi2.jpg\" \/>\n\t<meta property=\"og:image:width\" content=\"960\" \/>\n\t<meta property=\"og:image:height\" content=\"640\" \/>\n\t<meta property=\"og:image:type\" content=\"image\/jpeg\" \/>\n<meta name=\"twitter:card\" content=\"summary_large_image\" \/>\n<meta name=\"twitter:label1\" content=\"Est. reading time\" \/>\n\t<meta name=\"twitter:data1\" content=\"1 minute\" \/>\n<script type=\"application\/ld+json\" class=\"yoast-schema-graph\">{\"@context\":\"https:\\\/\\\/schema.org\",\"@graph\":[{\"@type\":\"WebPage\",\"@id\":\"https:\\\/\\\/legyenjobbaszex.hu\\\/member-login\\\/password-reset\\\/\",\"url\":\"https:\\\/\\\/legyenjobbaszex.hu\\\/member-login\\\/password-reset\\\/\",\"name\":\"Jelsz\u00f3 eml\u00e9keztet\u0151 - Legyen jobb a szex!\",\"isPartOf\":{\"@id\":\"https:\\\/\\\/legyenjobbaszex.hu\\\/#website\"},\"datePublished\":\"2021-11-17T20:14:51+00:00\",\"dateModified\":\"2021-11-18T08:25:52+00:00\",\"breadcrumb\":{\"@id\":\"https:\\\/\\\/legyenjobbaszex.hu\\\/member-login\\\/password-reset\\\/#breadcrumb\"},\"inLanguage\":\"en-US\",\"potentialAction\":[{\"@type\":\"ReadAction\",\"target\":[\"https:\\\/\\\/legyenjobbaszex.hu\\\/member-login\\\/password-reset\\\/\"]}]},{\"@type\":\"BreadcrumbList\",\"@id\":\"https:\\\/\\\/legyenjobbaszex.hu\\\/member-login\\\/password-reset\\\/#breadcrumb\",\"itemListElement\":[{\"@type\":\"ListItem\",\"position\":1,\"name\":\"Kezd\u0151lap\",\"item\":\"https:\\\/\\\/legyenjobbaszex.hu\\\/\"},{\"@type\":\"ListItem\",\"position\":2,\"name\":\"Tags\u00e1gi bejelentkez\u00e9s\",\"item\":\"https:\\\/\\\/legyenjobbaszex.hu\\\/member-login\\\/\"},{\"@type\":\"ListItem\",\"position\":3,\"name\":\"Jelsz\u00f3 eml\u00e9keztet\u0151\"}]},{\"@type\":\"WebSite\",\"@id\":\"https:\\\/\\\/legyenjobbaszex.hu\\\/#website\",\"url\":\"https:\\\/\\\/legyenjobbaszex.hu\\\/\",\"name\":\"legyenjobbaszex.hu\",\"description\":\"Szexualterapeuta \u2022 Tel: +36 (30) 813-0414 \u2022 Skype\",\"publisher\":{\"@id\":\"https:\\\/\\\/legyenjobbaszex.hu\\\/#\\\/schema\\\/person\\\/cb39c99a024789c38c5baac196aa95c6\"},\"potentialAction\":[{\"@type\":\"SearchAction\",\"target\":{\"@type\":\"EntryPoint\",\"urlTemplate\":\"https:\\\/\\\/legyenjobbaszex.hu\\\/?s={search_term_string}\"},\"query-input\":{\"@type\":\"PropertyValueSpecification\",\"valueRequired\":true,\"valueName\":\"search_term_string\"}}],\"inLanguage\":\"en-US\"},{\"@type\":[\"Person\",\"Organization\"],\"@id\":\"https:\\\/\\\/legyenjobbaszex.hu\\\/#\\\/schema\\\/person\\\/cb39c99a024789c38c5baac196aa95c6\",\"name\":\"Szexol\u00f3gus\",\"image\":{\"@type\":\"ImageObject\",\"inLanguage\":\"en-US\",\"@id\":\"https:\\\/\\\/legyenjobbaszex.hu\\\/wp-content\\\/uploads\\\/2022\\\/10\\\/pop.jpg\",\"url\":\"https:\\\/\\\/legyenjobbaszex.hu\\\/wp-content\\\/uploads\\\/2022\\\/10\\\/pop.jpg\",\"contentUrl\":\"https:\\\/\\\/legyenjobbaszex.hu\\\/wp-content\\\/uploads\\\/2022\\\/10\\\/pop.jpg\",\"width\":1600,\"height\":1066,\"caption\":\"Szexol\u00f3gus\"},\"logo\":{\"@id\":\"https:\\\/\\\/legyenjobbaszex.hu\\\/wp-content\\\/uploads\\\/2022\\\/10\\\/pop.jpg\"}}]}<\/script>\n<!-- \/ Yoast SEO plugin. -->","yoast_head_json":{"title":"Jelsz\u00f3 eml\u00e9keztet\u0151 - Legyen jobb a szex!","robots":{"index":"index","follow":"follow","max-snippet":"max-snippet:-1","max-image-preview":"max-image-preview:large","max-video-preview":"max-video-preview:-1"},"canonical":"https:\/\/legyenjobbaszex.hu\/en\/member-login\/password-reset\/","og_locale":"en_US","og_type":"article","og_title":"Jelsz\u00f3 eml\u00e9keztet\u0151 - Legyen jobb a szex!","og_url":"https:\/\/legyenjobbaszex.hu\/en\/member-login\/password-reset\/","og_site_name":"Legyen jobb a szex!","article_modified_time":"2021-11-18T08:25:52+00:00","og_image":[{"width":960,"height":640,"url":"https:\/\/legyenjobbaszex.hu\/wp-content\/uploads\/2017\/02\/szexi2.jpg","type":"image\/jpeg"}],"twitter_card":"summary_large_image","twitter_misc":{"Est. reading time":"1 minute"},"schema":{"@context":"https:\/\/schema.org","@graph":[{"@type":"WebPage","@id":"https:\/\/legyenjobbaszex.hu\/member-login\/password-reset\/","url":"https:\/\/legyenjobbaszex.hu\/member-login\/password-reset\/","name":"Jelsz\u00f3 eml\u00e9keztet\u0151 - Legyen jobb a szex!","isPartOf":{"@id":"https:\/\/legyenjobbaszex.hu\/#website"},"datePublished":"2021-11-17T20:14:51+00:00","dateModified":"2021-11-18T08:25:52+00:00","breadcrumb":{"@id":"https:\/\/legyenjobbaszex.hu\/member-login\/password-reset\/#breadcrumb"},"inLanguage":"en-US","potentialAction":[{"@type":"ReadAction","target":["https:\/\/legyenjobbaszex.hu\/member-login\/password-reset\/"]}]},{"@type":"BreadcrumbList","@id":"https:\/\/legyenjobbaszex.hu\/member-login\/password-reset\/#breadcrumb","itemListElement":[{"@type":"ListItem","position":1,"name":"Kezd\u0151lap","item":"https:\/\/legyenjobbaszex.hu\/"},{"@type":"ListItem","position":2,"name":"Tags\u00e1gi bejelentkez\u00e9s","item":"https:\/\/legyenjobbaszex.hu\/member-login\/"},{"@type":"ListItem","position":3,"name":"Jelsz\u00f3 eml\u00e9keztet\u0151"}]},{"@type":"WebSite","@id":"https:\/\/legyenjobbaszex.hu\/#website","url":"https:\/\/legyenjobbaszex.hu\/","name":"legyenjobbaszex.hu","description":"Szexualterapeuta \u2022 Tel: +36 (30) 813-0414 \u2022 Skype","publisher":{"@id":"https:\/\/legyenjobbaszex.hu\/#\/schema\/person\/cb39c99a024789c38c5baac196aa95c6"},"potentialAction":[{"@type":"SearchAction","target":{"@type":"EntryPoint","urlTemplate":"https:\/\/legyenjobbaszex.hu\/?s={search_term_string}"},"query-input":{"@type":"PropertyValueSpecification","valueRequired":true,"valueName":"search_term_string"}}],"inLanguage":"en-US"},{"@type":["Person","Organization"],"@id":"https:\/\/legyenjobbaszex.hu\/#\/schema\/person\/cb39c99a024789c38c5baac196aa95c6","name":"Sexologist","image":{"@type":"ImageObject","inLanguage":"en-US","@id":"https:\/\/legyenjobbaszex.hu\/wp-content\/uploads\/2022\/10\/pop.jpg","url":"https:\/\/legyenjobbaszex.hu\/wp-content\/uploads\/2022\/10\/pop.jpg","contentUrl":"https:\/\/legyenjobbaszex.hu\/wp-content\/uploads\/2022\/10\/pop.jpg","width":1600,"height":1066,"caption":"Szexol\u00f3gus"},"logo":{"@id":"https:\/\/legyenjobbaszex.hu\/wp-content\/uploads\/2022\/10\/pop.jpg"}}]}},"_links":{"self":[{"href":"https:\/\/legyenjobbaszex.hu\/en\/wp-json\/wp\/v2\/pages\/22666","targetHints":{"allow":["GET"]}}],"collection":[{"href":"https:\/\/legyenjobbaszex.hu\/en\/wp-json\/wp\/v2\/pages"}],"about":[{"href":"https:\/\/legyenjobbaszex.hu\/en\/wp-json\/wp\/v2\/types\/page"}],"author":[{"embeddable":true,"href":"https:\/\/legyenjobbaszex.hu\/en\/wp-json\/wp\/v2\/users\/1"}],"replies":[{"embeddable":true,"href":"https:\/\/legyenjobbaszex.hu\/en\/wp-json\/wp\/v2\/comments?post=22666"}],"version-history":[{"count":0,"href":"https:\/\/legyenjobbaszex.hu\/en\/wp-json\/wp\/v2\/pages\/22666\/revisions"}],"up":[{"embeddable":true,"href":"https:\/\/legyenjobbaszex.hu\/en\/wp-json\/wp\/v2\/pages\/22662"}],"wp:attachment":[{"href":"https:\/\/legyenjobbaszex.hu\/en\/wp-json\/wp\/v2\/media?parent=22666"}],"curies":[{"name":"wp","href":"https:\/\/api.w.org\/{rel}","templated":true}]}}